{"id":157,"date":"2024-11-15T16:58:21","date_gmt":"2024-11-15T15:58:21","guid":{"rendered":"https:\/\/lecoeuralouvrage.com\/history\/"},"modified":"2024-11-15T16:58:21","modified_gmt":"2024-11-15T15:58:21","slug":"history","status":"publish","type":"page","link":"https:\/\/lecoeuralouvrage.com\/en\/history\/","title":{"rendered":"History"},"content":{"rendered":"","protected":false},"excerpt":{"rendered":"","protected":false},"author":1,"featured_media":0,"parent":0,"menu_order":0,"comment_status":"closed","ping_status":"closed","template":"page-templates\/histoire.php","meta":{"footnotes":""},"class_list":["post-157","page","type-page","status-publish","hentry"],"yoast_head":"<!-- This site is optimized with the Yoast SEO plugin v24.4 - https:\/\/yoast.com\/wordpress\/plugins\/seo\/ -->\n<title>History - \u00c9glise Saint-Paul de Strasbourg<\/title>\n<meta name=\"robots\" content=\"index, follow, max-snippet:-1, max-image-preview:large, max-video-preview:-1\" \/>\n<link rel=\"canonical\" href=\"https:\/\/lecoeuralouvrage.com\/en\/history\/\" \/>\n<meta property=\"og:locale\" content=\"en_US\" \/>\n<meta property=\"og:type\" content=\"article\" \/>\n<meta property=\"og:title\" content=\"History - \u00c9glise Saint-Paul de Strasbourg\" \/>\n<meta property=\"og:url\" content=\"https:\/\/lecoeuralouvrage.com\/en\/history\/\" \/>\n<meta property=\"og:site_name\" content=\"\u00c9glise Saint-Paul de Strasbourg\" \/>\n<meta property=\"article:publisher\" content=\"https:\/\/www.facebook.com\/profile.php?id=100064371954300\" \/>\n<meta name=\"twitter:card\" content=\"summary_large_image\" \/>\n<script type=\"application\/ld+json\" class=\"yoast-schema-graph\">{\"@context\":\"https:\/\/schema.org\",\"@graph\":[{\"@type\":\"WebPage\",\"@id\":\"https:\/\/lecoeuralouvrage.com\/en\/history\/\",\"url\":\"https:\/\/lecoeuralouvrage.com\/en\/history\/\",\"name\":\"History - \u00c9glise Saint-Paul de Strasbourg\",\"isPartOf\":{\"@id\":\"https:\/\/lecoeuralouvrage.com\/en\/#website\"},\"datePublished\":\"2024-11-15T15:58:21+00:00\",\"inLanguage\":\"en-US\",\"potentialAction\":[{\"@type\":\"ReadAction\",\"target\":[\"https:\/\/lecoeuralouvrage.com\/en\/history\/\"]}]},{\"@type\":\"WebSite\",\"@id\":\"https:\/\/lecoeuralouvrage.com\/en\/#website\",\"url\":\"https:\/\/lecoeuralouvrage.com\/en\/\",\"name\":\"\u00c9glise Saint-Paul de Strasbourg\",\"description\":\"Participez \u00e0 la campagne participative de r\u00e9novation de l&#039;\u00c9glise Saint-Paul, monument historique embl\u00e9matique de la ville de Strasbourg.\",\"potentialAction\":[{\"@type\":\"SearchAction\",\"target\":{\"@type\":\"EntryPoint\",\"urlTemplate\":\"https:\/\/lecoeuralouvrage.com\/en\/?s={search_term_string}\"},\"query-input\":{\"@type\":\"PropertyValueSpecification\",\"valueRequired\":true,\"valueName\":\"search_term_string\"}}],\"inLanguage\":\"en-US\"}]}<\/script>\n<!-- \/ Yoast SEO plugin. -->","yoast_head_json":{"title":"History - \u00c9glise Saint-Paul de Strasbourg","robots":{"index":"index","follow":"follow","max-snippet":"max-snippet:-1","max-image-preview":"max-image-preview:large","max-video-preview":"max-video-preview:-1"},"canonical":"https:\/\/lecoeuralouvrage.com\/en\/history\/","og_locale":"en_US","og_type":"article","og_title":"History - \u00c9glise Saint-Paul de Strasbourg","og_url":"https:\/\/lecoeuralouvrage.com\/en\/history\/","og_site_name":"\u00c9glise Saint-Paul de Strasbourg","article_publisher":"https:\/\/www.facebook.com\/profile.php?id=100064371954300","twitter_card":"summary_large_image","schema":{"@context":"https:\/\/schema.org","@graph":[{"@type":"WebPage","@id":"https:\/\/lecoeuralouvrage.com\/en\/history\/","url":"https:\/\/lecoeuralouvrage.com\/en\/history\/","name":"History - \u00c9glise Saint-Paul de Strasbourg","isPartOf":{"@id":"https:\/\/lecoeuralouvrage.com\/en\/#website"},"datePublished":"2024-11-15T15:58:21+00:00","inLanguage":"en-US","potentialAction":[{"@type":"ReadAction","target":["https:\/\/lecoeuralouvrage.com\/en\/history\/"]}]},{"@type":"WebSite","@id":"https:\/\/lecoeuralouvrage.com\/en\/#website","url":"https:\/\/lecoeuralouvrage.com\/en\/","name":"\u00c9glise Saint-Paul de Strasbourg","description":"Participez \u00e0 la campagne participative de r\u00e9novation de l&#039;\u00c9glise Saint-Paul, monument historique embl\u00e9matique de la ville de Strasbourg.","potentialAction":[{"@type":"SearchAction","target":{"@type":"EntryPoint","urlTemplate":"https:\/\/lecoeuralouvrage.com\/en\/?s={search_term_string}"},"query-input":{"@type":"PropertyValueSpecification","valueRequired":true,"valueName":"search_term_string"}}],"inLanguage":"en-US"}]}},"_links":{"self":[{"href":"https:\/\/lecoeuralouvrage.com\/en\/wp-json\/wp\/v2\/pages\/157","targetHints":{"allow":["GET"]}}],"collection":[{"href":"https:\/\/lecoeuralouvrage.com\/en\/wp-json\/wp\/v2\/pages"}],"about":[{"href":"https:\/\/lecoeuralouvrage.com\/en\/wp-json\/wp\/v2\/types\/page"}],"author":[{"embeddable":true,"href":"https:\/\/lecoeuralouvrage.com\/en\/wp-json\/wp\/v2\/users\/1"}],"replies":[{"embeddable":true,"href":"https:\/\/lecoeuralouvrage.com\/en\/wp-json\/wp\/v2\/comments?post=157"}],"version-history":[{"count":0,"href":"https:\/\/lecoeuralouvrage.com\/en\/wp-json\/wp\/v2\/pages\/157\/revisions"}],"wp:attachment":[{"href":"https:\/\/lecoeuralouvrage.com\/en\/wp-json\/wp\/v2\/media?parent=157"}],"curies":[{"name":"wp","href":"https:\/\/api.w.org\/{rel}","templated":true}]}}